{"id":1926,"date":"2015-08-11T13:32:21","date_gmt":"2015-08-11T13:32:21","guid":{"rendered":"http:\/\/bbzazza.nl\/fr\/?page_id=1926"},"modified":"2026-03-05T15:59:10","modified_gmt":"2026-03-05T15:59:10","slug":"que-proposons-nous","status":"publish","type":"page","link":"https:\/\/bbzazza.nl\/fr\/que-proposons-nous\/","title":{"rendered":"Que proposons-nous"},"content":{"rendered":"<div class=\"wpb-content-wrapper\"><p>[vc_row margin_top=\u00a0\u00bb0&Prime; margin_bottom=\u00a0\u00bb0&Prime; padding_left=\u00a0\u00bb0&Prime; padding_right=\u00a0\u00bb0&Prime; animation=\u00a0\u00bb\u00a0\u00bb type=\u00a0\u00bb\u00a0\u00bb bg_color=\u00a0\u00bb\u00a0\u00bb bg_position=\u00a0\u00bbtop\u00a0\u00bb bg_repeat=\u00a0\u00bbno-repeat\u00a0\u00bb bg_cover=\u00a0\u00bbfalse\u00a0\u00bb bg_attachment=\u00a0\u00bbfalse\u00a0\u00bb padding_top=\u00a0\u00bb0&Prime; padding_bottom=\u00a0\u00bb0&Prime; enable_parallax=\u00a0\u00bb\u00a0\u00bb parallax_speed=\u00a0\u00bb0.1&Prime; bg_video_src_mp4=\u00a0\u00bb\u00a0\u00bb bg_video_src_ogv=\u00a0\u00bb\u00a0\u00bb bg_video_src_webm=\u00a0\u00bb\u00a0\u00bb][vc_column][vc_column_text css=\u00a0\u00bb\u00a0\u00bb]<\/p>\n<div style=\"padding: 5px; background-color: #143466; text-align: center;\"><img loading=\"lazy\" decoding=\"async\" class=\"alignnone size-full wp-image-3397\" src=\"https:\/\/bbzazza.nl\/wp-content\/uploads\/2026\/03\/Digital-Award_TRA-2026.png\" alt=\"\" width=\"452\" height=\"318\" srcset=\"https:\/\/bbzazza.nl\/wp-content\/uploads\/2026\/03\/Digital-Award_TRA-2026.png 452w, https:\/\/bbzazza.nl\/wp-content\/uploads\/2026\/03\/Digital-Award_TRA-2026-300x211.png 300w\" sizes=\"auto, (max-width: 452px) 100vw, 452px\" \/><\/div>\n<p>[\/vc_column_text][\/vc_column][vc_column width=\u00a0\u00bb2\/3&Prime; animation=\u00a0\u00bb\u00a0\u00bb][vc_column_text]<\/p>\n<h1>Ce que nous vous proposons!<\/h1>\n<p>[\/vc_column_text]<div class=\"gap\" style=\"line-height: 20px; height: 20px;\"><\/div>[vc_column_text css=\u00a0\u00bb\u00a0\u00bb]Tout d\u2019abord, bien entendu, un accueil haut de gamme, et un endroit magnifique pour vous ressourcer dans la campagne frisonne\u00a0! Somnolez au soleil sur la terrasse de notre ponton ou admirez l&rsquo;impressionnante vue idyllique. Passez un moment convivial autour d\u2019un verre et de quelques bouch\u00e9es\u00a0!<\/p>\n<p>Pour votre h\u00e9bergement, nous vous proposons deux possibilit\u00e9s : un appartement et un studio, tous deux agr\u00e9ables. Voyez ce qui correspond le mieux \u00e0 ce que vous recherchez pour les vacances!<\/p>\n<div class=\"woningaanbod\">\n<div class=\"woningaanbod-item\">\n<h2>Appartement 1-6 personnes<\/h2>\n<p>cuisine caract\u00e9ristique avec espace repas et salon\/chambre \u00e0 l\u2019\u00e9tage, 1-6 personnes.<\/p>\n<p><a href=\"https:\/\/bbzazza.nl\/fr\/que-proposons-nous\/appartement-1-6-personnes\/\">Appartement 1-6 personnes<\/a><\/p>\n<\/div>\n<div class=\"woningaanbod-item\">\n<h2>Studio 1-2 personnes<\/h2>\n<p>Au c\u0153ur de la nature, 1-2 personnes.<\/p>\n<p><a href=\"https:\/\/bbzazza.nl\/fr\/que-proposons-nous\/studio-1-2-personnes\/\">Studio 1-2 personnes<\/a><\/p>\n<\/div>\n<\/div>\n<p>Bien s\u00fbr, dans notre B&amp;B, vous pouvez totalement vous reposer, mais les environs de Raerd vous offrent aussi de multiples activit\u00e9s\u00a0! Voici quelques-unes des possibilit\u00e9s\u00a0:<\/p>\n<ul>\n<li>Location de v\u00e9los<\/li>\n<li>Atelier d&rsquo;histoire locale lors d&rsquo;une promenade<\/li>\n<li>Utilisation d&rsquo;un coin de p\u00eache exceptionnel<\/li>\n<li>Location de cano\u00eb<\/li>\n<li>Visite d&rsquo;une exploitation de vaches laiti\u00e8res<\/li>\n<li>Paniers-repas pour le d\u00e9jeuner<\/li>\n<li>Excursion<\/li>\n<\/ul>\n<p>Attention: lors de <a href=\"https:\/\/bbzazza.nl\/fr\/contact\/\">votre r\u00e9servation<\/a>, vous pouvez \u00e9galement indiquer aussit\u00f4t si vous \u00eates int\u00e9ress\u00e9 par une ou plusieurs options.[\/vc_column_text][vc_empty_space][\/vc_column][vc_column width=\u00a0\u00bb1\/3&Prime; animation=\u00a0\u00bb\u00a0\u00bb][vc_single_image image=\u00a0\u00bb1582&Prime; img_size=\u00a0\u00bbfull\u00a0\u00bb alignment=\u00a0\u00bbcenter\u00a0\u00bb][vc_single_image image=\u00a0\u00bb1605&Prime; img_size=\u00a0\u00bbfull\u00a0\u00bb alignment=\u00a0\u00bbcenter\u00a0\u00bb][\/vc_column][\/vc_row]<\/p>\n<\/div>","protected":false},"excerpt":{"rendered":"<p>[vc_row margin_top=\u00a0\u00bb0&Prime; margin_bottom=\u00a0\u00bb0&Prime; padding_left=\u00a0\u00bb0&Prime; padding_right=\u00a0\u00bb0&Prime; animation=\u00a0\u00bb\u00a0\u00bb type=\u00a0\u00bb\u00a0\u00bb bg_color=\u00a0\u00bb\u00a0\u00bb bg_position=\u00a0\u00bbtop\u00a0\u00bb bg_repeat=\u00a0\u00bbno-repeat\u00a0\u00bb bg_cover=\u00a0\u00bbfalse\u00a0\u00bb bg_attachment=\u00a0\u00bbfalse\u00a0\u00bb padding_top=\u00a0\u00bb0&Prime; padding_bottom=\u00a0\u00bb0&Prime; enable_parallax=\u00a0\u00bb\u00a0\u00bb parallax_speed=\u00a0\u00bb0.1&Prime; bg_video_src_mp4=\u00a0\u00bb\u00a0\u00bb bg_video_src_ogv=\u00a0\u00bb\u00a0\u00bb bg_video_src_webm=\u00a0\u00bb\u00a0\u00bb][vc_column][vc_column_text css=\u00a0\u00bb\u00a0\u00bb] [\/vc_column_text][\/vc_column][vc_column width=\u00a0\u00bb2\/3&Prime; animation=\u00a0\u00bb\u00a0\u00bb][vc_column_text] Ce que nous vous proposons! [\/vc_column_text][vc_column_text css=\u00a0\u00bb\u00a0\u00bb]Tout d\u2019abord, bien entendu, un accueil haut de gamme, et un endroit magnifique pour vous ressourcer dans la campagne frisonne\u00a0! Somnolez au soleil sur la terrasse&hellip;<\/p>\n","protected":false},"author":3,"featured_media":0,"parent":0,"menu_order":0,"comment_status":"closed","ping_status":"open","template":"","meta":{"footnotes":""},"class_list":["post-1926","page","type-page","status-publish","hentry","description-off"],"_links":{"self":[{"href":"https:\/\/bbzazza.nl\/fr\/wp-json\/wp\/v2\/pages\/1926","targetHints":{"allow":["GET"]}}],"collection":[{"href":"https:\/\/bbzazza.nl\/fr\/wp-json\/wp\/v2\/pages"}],"about":[{"href":"https:\/\/bbzazza.nl\/fr\/wp-json\/wp\/v2\/types\/page"}],"author":[{"embeddable":true,"href":"https:\/\/bbzazza.nl\/fr\/wp-json\/wp\/v2\/users\/3"}],"replies":[{"embeddable":true,"href":"https:\/\/bbzazza.nl\/fr\/wp-json\/wp\/v2\/comments?post=1926"}],"version-history":[{"count":19,"href":"https:\/\/bbzazza.nl\/fr\/wp-json\/wp\/v2\/pages\/1926\/revisions"}],"predecessor-version":[{"id":3426,"href":"https:\/\/bbzazza.nl\/fr\/wp-json\/wp\/v2\/pages\/1926\/revisions\/3426"}],"wp:attachment":[{"href":"https:\/\/bbzazza.nl\/fr\/wp-json\/wp\/v2\/media?parent=1926"}],"curies":[{"name":"wp","href":"https:\/\/api.w.org\/{rel}","templated":true}]}}