{"id":1921,"date":"2015-08-11T13:25:35","date_gmt":"2015-08-11T13:25:35","guid":{"rendered":"http:\/\/bbzazza.nl\/?page_id=1921"},"modified":"2026-03-05T15:49:33","modified_gmt":"2026-03-05T15:49:33","slug":"qui-sommes-nous","status":"publish","type":"page","link":"https:\/\/bbzazza.nl\/fr\/qui-sommes-nous\/","title":{"rendered":"Qui sommes-nous"},"content":{"rendered":"<div class=\"wpb-content-wrapper\"><p>[vc_row][vc_column][vc_column_text css=\u00a0\u00bb\u00a0\u00bb]<\/p>\n<div style=\"padding: 5px; background-color: #143466; text-align: center;\"><img loading=\"lazy\" decoding=\"async\" class=\"alignnone size-full wp-image-3397\" src=\"https:\/\/bbzazza.nl\/wp-content\/uploads\/2026\/03\/Digital-Award_TRA-2026.png\" alt=\"\" width=\"452\" height=\"318\" srcset=\"https:\/\/bbzazza.nl\/wp-content\/uploads\/2026\/03\/Digital-Award_TRA-2026.png 452w, https:\/\/bbzazza.nl\/wp-content\/uploads\/2026\/03\/Digital-Award_TRA-2026-300x211.png 300w\" sizes=\"auto, (max-width: 452px) 100vw, 452px\" \/><\/div>\n<p>[\/vc_column_text][\/vc_column][vc_column width=\u00a0\u00bb2\/3&Prime; animation=\u00a0\u00bb\u00a0\u00bb][vc_column_text]<\/p>\n<h1>Plus amples pr\u00e9sentations<\/h1>\n<p>[\/vc_column_text]<div class=\"gap\" style=\"line-height: 20px; height: 20px;\"><\/div>[vc_column_text css=\u00a0\u00bb\u00a0\u00bb]Azza et Hein-Willem Leeraar, enchant\u00e9s\u00a0!<\/p>\n<p>Azza (n\u00e9e en \u00c9gypte) et Hein-Willem (un vrai Frison) se sont rencontr\u00e9s lors d&rsquo;un cours \u00e0 l&rsquo;Universit\u00e9 de Wageningen (Pays-Bas). Hein-Willem : \u00ab\u00a0J&rsquo;y enseignais, \u00e0 la demande du minist\u00e8re de l&rsquo;Agriculture, et Azza \u00e9tait une \u00e9tudiante \u00e9gyptienne des plus charmantes. Ce fut un coup de foudre r\u00e9ciproque.\u00a0\u00bb Azza suivit son c\u0153ur et s&rsquo;\u00e9tablit aux Pays-Bas en 1991.<\/p>\n<p>Azza est d\u00e9c\u00e9d\u00e9e mars 13. 2025. B&amp;B ZAZZA conserve le m\u00eame nom et sera repris par Hein-Willem et leur fils Raouf.<\/p>\n<p>&nbsp;<\/p>\n<p><strong>\u00c9galement bon \u00e0 savoir au sujet du Bed &amp; Breakfast\u00a0:<\/strong><\/p>\n<ul>\n<li>Vous pouvez s\u00e9journer dans notre appartement, de la maison, ou dans notre studio<\/li>\n<li>En cas de probl\u00e8me de mobilit\u00e9, nous pouvons installer un lit au rez-de-chauss\u00e9e\u00a0!<\/li>\n<li>Les animaux de compagnie sont les bienvenus, en concertation.<\/li>\n<li>Nous parlons fran\u00e7ais, allemand, anglais, frison, n\u00e9erlandais et h\u00e9breu.<\/li>\n<\/ul>\n<p>[\/vc_column_text][\/vc_column][vc_column width=\u00a0\u00bb1\/3&Prime; animation=\u00a0\u00bb\u00a0\u00bb][vc_single_image image=\u00a0\u00bb1547&Prime; img_size=\u00a0\u00bbfull\u00a0\u00bb alignment=\u00a0\u00bbcenter\u00a0\u00bb][\/vc_column][\/vc_row]<\/p>\n<\/div>","protected":false},"excerpt":{"rendered":"<p>[vc_row][vc_column][vc_column_text css=\u00a0\u00bb\u00a0\u00bb] [\/vc_column_text][\/vc_column][vc_column width=\u00a0\u00bb2\/3&Prime; animation=\u00a0\u00bb\u00a0\u00bb][vc_column_text] Plus amples pr\u00e9sentations [\/vc_column_text][vc_column_text css=\u00a0\u00bb\u00a0\u00bb]Azza et Hein-Willem Leeraar, enchant\u00e9s\u00a0! Azza (n\u00e9e en \u00c9gypte) et Hein-Willem (un vrai Frison) se sont rencontr\u00e9s lors d&rsquo;un cours \u00e0 l&rsquo;Universit\u00e9 de Wageningen (Pays-Bas). Hein-Willem : \u00ab\u00a0J&rsquo;y enseignais, \u00e0 la demande du minist\u00e8re de l&rsquo;Agriculture, et Azza \u00e9tait une \u00e9tudiante \u00e9gyptienne des plus charmantes. Ce&hellip;<\/p>\n","protected":false},"author":3,"featured_media":0,"parent":0,"menu_order":0,"comment_status":"closed","ping_status":"closed","template":"","meta":{"footnotes":""},"class_list":["post-1921","page","type-page","status-publish","hentry","description-off"],"_links":{"self":[{"href":"https:\/\/bbzazza.nl\/fr\/wp-json\/wp\/v2\/pages\/1921","targetHints":{"allow":["GET"]}}],"collection":[{"href":"https:\/\/bbzazza.nl\/fr\/wp-json\/wp\/v2\/pages"}],"about":[{"href":"https:\/\/bbzazza.nl\/fr\/wp-json\/wp\/v2\/types\/page"}],"author":[{"embeddable":true,"href":"https:\/\/bbzazza.nl\/fr\/wp-json\/wp\/v2\/users\/3"}],"replies":[{"embeddable":true,"href":"https:\/\/bbzazza.nl\/fr\/wp-json\/wp\/v2\/comments?post=1921"}],"version-history":[{"count":14,"href":"https:\/\/bbzazza.nl\/fr\/wp-json\/wp\/v2\/pages\/1921\/revisions"}],"predecessor-version":[{"id":3409,"href":"https:\/\/bbzazza.nl\/fr\/wp-json\/wp\/v2\/pages\/1921\/revisions\/3409"}],"wp:attachment":[{"href":"https:\/\/bbzazza.nl\/fr\/wp-json\/wp\/v2\/media?parent=1921"}],"curies":[{"name":"wp","href":"https:\/\/api.w.org\/{rel}","templated":true}]}}