{"id":1987,"date":"2015-08-26T09:10:38","date_gmt":"2015-08-26T09:10:38","guid":{"rendered":"http:\/\/bbzazza.nl\/?page_id=1987"},"modified":"2026-03-05T15:48:40","modified_gmt":"2026-03-05T15:48:40","slug":"ihr-gastgeber","status":"publish","type":"page","link":"https:\/\/bbzazza.nl\/de\/ihr-gastgeber\/","title":{"rendered":"Ihr Gastgeber"},"content":{"rendered":"<div class=\"wpb-content-wrapper\"><p>[vc_row][vc_column][vc_column_text css=&#8220;&#8220;]<\/p>\n<div style=\"padding: 5px; background-color: #143466; text-align: center;\"><img loading=\"lazy\" decoding=\"async\" class=\"alignnone size-full wp-image-3398\" src=\"https:\/\/bbzazza.nl\/wp-content\/uploads\/2026\/03\/Digital-Award_TRA-2026.png\" alt=\"\" width=\"452\" height=\"318\" srcset=\"https:\/\/bbzazza.nl\/wp-content\/uploads\/2026\/03\/Digital-Award_TRA-2026.png 452w, https:\/\/bbzazza.nl\/wp-content\/uploads\/2026\/03\/Digital-Award_TRA-2026-300x211.png 300w\" sizes=\"auto, (max-width: 452px) 100vw, 452px\" \/><\/div>\n<p>[\/vc_column_text][\/vc_column][vc_column width=&#8220;2\/3&#8243; animation=&#8220;&#8220;][vc_column_text]<\/p>\n<h1><b>Mehr \u00fcber uns<\/b><\/h1>\n<p>[\/vc_column_text]<div class=\"gap\" style=\"line-height: 20px; height: 20px;\"><\/div>[vc_column_text css=&#8220;&#8220;]<\/p>\n<p class=\"Standard\"><span lang=\"DE\">Azza und Hein-Willem Leeraar, angenehm!<\/span><\/p>\n<p class=\"Standard\"><span lang=\"DE\">Azza (geboren in \u00c4gypten) lernte Hein Willem (einen echten Friesen) w\u00e4hrend eines Universit\u00e4tslehrgang in Wageningen kennen. Hein Willem: \u201eIch habe \u00fcber das damalige Ministerium f\u00fcr Landwirtschaft unterrichtet und Azza war eine Studentin aus \u00c4gypten und sehr charmant. Es war Liebe auf den ersten Blick auf beiden Seiten\u201c. Azza ist ihrem Herzen gefolgt und lie\u00df sich 1991 in den Niederlanden nieder.<\/span><\/p>\n<p>Azza ist verstorben am 13ten M\u00e4rz, 2025. B&amp;B ZAZZA beh\u00e4lt den gleichen Namen und wird von Hein-Willem und ihrem Sohn Raouf weitergef\u00fchrt.<\/p>\n<p><strong>Wissenswertes \u00fcber das Bed &amp; Breakfast<\/strong><\/p>\n<ul>\n<li>\n<p class=\"Standard\"><span lang=\"DE\">Sie k\u00f6nnen in unserer Wohnung \u00fcber dem Haus oder in unserem Studio wohnen.<\/span><\/p>\n<\/li>\n<li>\n<p class=\"Standard\"><span lang=\"DE\">Ist Ihre Mobilit\u00e4t beeintr\u00e4chtigt? Dann k\u00f6nnen wir Ihnen unten ein Bett plazieren.<\/span><\/p>\n<\/li>\n<li>\n<p class=\"Standard\"><span lang=\"DE\">Haustiere sind nach Absprache willkommen.<\/span><\/p>\n<\/li>\n<li>\n<p class=\"Standard\"><span lang=\"DE\">Wir sprechen Franz\u00f6sisch, Deutsch, Englisch, Friesisch, Niederl\u00e4ndisch und Ivriet.<\/span><\/p>\n<\/li>\n<\/ul>\n<p>[\/vc_column_text][\/vc_column][vc_column width=&#8220;1\/3&#8243; animation=&#8220;&#8220;][vc_single_image image=&#8220;1547&#8243; img_size=&#8220;full&#8220; alignment=&#8220;center&#8220;][\/vc_column][\/vc_row]<\/p>\n<\/div>","protected":false},"excerpt":{"rendered":"<p>[vc_row][vc_column][vc_column_text css=&#8220;&#8220;] [\/vc_column_text][\/vc_column][vc_column width=&#8220;2\/3&#8243; animation=&#8220;&#8220;][vc_column_text] Mehr \u00fcber uns [\/vc_column_text][vc_column_text css=&#8220;&#8220;] Azza und Hein-Willem Leeraar, angenehm! Azza (geboren in \u00c4gypten) lernte Hein Willem (einen echten Friesen) w\u00e4hrend eines Universit\u00e4tslehrgang in Wageningen kennen. Hein Willem: \u201eIch habe \u00fcber das damalige Ministerium f\u00fcr Landwirtschaft unterrichtet und Azza war eine Studentin aus \u00c4gypten und sehr charmant. Es war Liebe&hellip;<\/p>\n","protected":false},"author":3,"featured_media":0,"parent":0,"menu_order":0,"comment_status":"closed","ping_status":"closed","template":"","meta":{"footnotes":""},"class_list":["post-1987","page","type-page","status-publish","hentry","description-off"],"_links":{"self":[{"href":"https:\/\/bbzazza.nl\/de\/wp-json\/wp\/v2\/pages\/1987","targetHints":{"allow":["GET"]}}],"collection":[{"href":"https:\/\/bbzazza.nl\/de\/wp-json\/wp\/v2\/pages"}],"about":[{"href":"https:\/\/bbzazza.nl\/de\/wp-json\/wp\/v2\/types\/page"}],"author":[{"embeddable":true,"href":"https:\/\/bbzazza.nl\/de\/wp-json\/wp\/v2\/users\/3"}],"replies":[{"embeddable":true,"href":"https:\/\/bbzazza.nl\/de\/wp-json\/wp\/v2\/comments?post=1987"}],"version-history":[{"count":13,"href":"https:\/\/bbzazza.nl\/de\/wp-json\/wp\/v2\/pages\/1987\/revisions"}],"predecessor-version":[{"id":3408,"href":"https:\/\/bbzazza.nl\/de\/wp-json\/wp\/v2\/pages\/1987\/revisions\/3408"}],"wp:attachment":[{"href":"https:\/\/bbzazza.nl\/de\/wp-json\/wp\/v2\/media?parent=1987"}],"curies":[{"name":"wp","href":"https:\/\/api.w.org\/{rel}","templated":true}]}}